{"id":78,"date":"2025-04-03T13:22:25","date_gmt":"2025-04-03T11:22:25","guid":{"rendered":"https:\/\/juwelier-kuhl.de\/?page_id=78"},"modified":"2025-12-12T21:22:17","modified_gmt":"2025-12-12T20:22:17","slug":"warenangebot","status":"publish","type":"page","link":"https:\/\/www.juwelier-kuhl.de\/index.php\/warenangebot\/","title":{"rendered":"Warenangebot"},"content":{"rendered":"<!-- VideographyWP Plugin Message: Automatic video embedding prevented by plugin options. -->\n\n<p>Bei Juwelier Kuhl finden sie eine gro\u00dfe Auswahl an Uhren, Schmuck und Hochzeitsschmuck. Neben Schmuck bekannter Marken, bieten wir eine Vielzahl an Artikel, welche zumeist in Kleinstserien hergestellt werden und somit die Individualit\u00e4t unserer Kunden unterstreichen.<\/p>\n\n\n\n<h2 class=\"wp-block-heading\">Trau- und Verlobungsringe:<\/h2>\n\n\n\n<p>Wir bieten Ihnen Trauringe unterschiedlicher Marken und Preisklassen an. Wenn es sehr eilig sein Soll k\u00f6nnen wir zum Beispiel Silberne Trauringe zum sofort mitnehmen anbieten. Ringe aus Gold, Platin oder Palladium werden dagegen ma\u00dfangefertigt und ben\u00f6tigen daher mindestens eine Woche f\u00fcr die Herstellung. Eine weitere g\u00fcnstige Alternative sind unsere Titanringe der Firma CEM.<\/p>\n\n\n\n<div class=\"wp-block-columns is-layout-flex wp-container-core-columns-is-layout-9d6595d7 wp-block-columns-is-layout-flex\">\n<div class=\"wp-block-column is-layout-flow wp-block-column-is-layout-flow\" style=\"flex-basis:25%\"><\/div>\n\n\n\n<div class=\"wp-block-column is-layout-flow wp-block-column-is-layout-flow\" style=\"flex-basis:50%\">\n<figure class=\"wp-block-video\"><video height=\"1080\" style=\"aspect-ratio: 1920 \/ 1080;\" width=\"1920\" autoplay loop muted src=\"https:\/\/juwelier-kuhl.de\/wp-content\/uploads\/2025\/04\/Ringe.mp4\"><\/video><\/figure>\n<\/div>\n\n\n\n<div class=\"wp-block-column is-layout-flow wp-block-column-is-layout-flow\" style=\"flex-basis:25%\"><\/div>\n<\/div>\n\n\n\n<details class=\"wp-block-details is-layout-flow wp-block-details-is-layout-flow\"><summary>3D Trauring-Konfigurator<\/summary>\n<p>Sie haben ganz genaue Vorstellungen, wie Ihre Ringe gearbeitet werden sollen oder m\u00f6chten etwas bestimmtes am Ringmodell anpassen? Lassen Sie Ihrer Kreativit\u00e4t freien Lauf, wir unterst\u00fctzen Sie dabei. Unser 3D Konfigurator macht es m\u00f6glich, fragen Sie uns nach einem Termin zum Selbstgestallten.<\/p>\n<\/details>\n\n\n\n<figure class=\"wp-block-image size-full\"><img loading=\"lazy\" decoding=\"async\" width=\"1216\" height=\"507\" src=\"https:\/\/juwelier-kuhl.de\/wp-content\/uploads\/2025\/04\/Screenshot-2025-04-24-211658.jpg\" alt=\"\" class=\"wp-image-299\"\/><\/figure>\n\n\n\n<h2 class=\"wp-block-heading\">Hier ein Auszug einiger unserer Marken:<\/h2>\n\n\n\n<div class=\"wp-block-group is-vertical is-content-justification-left is-nowrap is-layout-flex wp-container-core-group-is-layout-c5ee878a wp-block-group-is-layout-flex\">\n<div class=\"wp-block-cb-carousel\" data-slick=\"{&quot;slidesToShow&quot;:6,&quot;slidesToScroll&quot;:1,&quot;speed&quot;:900,&quot;arrows&quot;:false,&quot;dots&quot;:false,&quot;autoplay&quot;:true,&quot;autoplaySpeed&quot;:1000,&quot;infinite&quot;:true,&quot;rtl&quot;:false,&quot;responsive&quot;:[{&quot;breakpoint&quot;:769,&quot;settings&quot;:{&quot;slidesToShow&quot;:3,&quot;slidesToScroll&quot;:1}}]}\">\n<div class=\"wp-block-cb-slide\">\n<figure class=\"wp-block-image size-full\"><img loading=\"lazy\" decoding=\"async\" width=\"100\" height=\"100\" src=\"https:\/\/juwelier-kuhl.de\/wp-content\/uploads\/2025\/04\/Withings.png\" alt=\"\" class=\"wp-image-234\"\/><\/figure>\n<\/div>\n\n\n\n<div class=\"wp-block-cb-slide\">\n<figure class=\"wp-block-image size-full\"><img loading=\"lazy\" decoding=\"async\" width=\"100\" height=\"100\" src=\"https:\/\/juwelier-kuhl.de\/wp-content\/uploads\/2025\/04\/STUDEX.png\" alt=\"\" class=\"wp-image-233\"\/><\/figure>\n<\/div>\n\n\n\n<div class=\"wp-block-cb-slide\">\n<figure class=\"wp-block-image size-full\"><img loading=\"lazy\" decoding=\"async\" width=\"100\" height=\"100\" src=\"https:\/\/juwelier-kuhl.de\/wp-content\/uploads\/2025\/04\/Ice2.png\" alt=\"\" class=\"wp-image-232\"\/><\/figure>\n<\/div>\n\n\n\n<div class=\"wp-block-cb-slide\">\n<figure class=\"wp-block-image size-full\"><img loading=\"lazy\" decoding=\"async\" width=\"100\" height=\"100\" src=\"https:\/\/juwelier-kuhl.de\/wp-content\/uploads\/2025\/04\/Yvette-Ries.png\" alt=\"\" class=\"wp-image-229\"\/><\/figure>\n<\/div>\n\n\n\n<div class=\"wp-block-cb-slide\">\n<figure class=\"wp-block-image size-full\"><img loading=\"lazy\" decoding=\"async\" width=\"100\" height=\"100\" src=\"https:\/\/juwelier-kuhl.de\/wp-content\/uploads\/2025\/04\/skagen.png\" alt=\"\" class=\"wp-image-228\"\/><\/figure>\n<\/div>\n\n\n\n<div class=\"wp-block-cb-slide\">\n<figure class=\"wp-block-image size-full\"><img loading=\"lazy\" decoding=\"async\" width=\"100\" height=\"100\" src=\"https:\/\/juwelier-kuhl.de\/wp-content\/uploads\/2025\/04\/Seiko_logo.png\" alt=\"\" class=\"wp-image-227\"\/><\/figure>\n<\/div>\n\n\n\n<div class=\"wp-block-cb-slide\">\n<figure class=\"wp-block-image size-full\"><img loading=\"lazy\" decoding=\"async\" width=\"100\" height=\"100\" src=\"https:\/\/juwelier-kuhl.de\/wp-content\/uploads\/2025\/04\/Schmuck_Grosshandel_Max_Froehlich_Logo2.png\" alt=\"\" class=\"wp-image-226\"\/><\/figure>\n<\/div>\n\n\n\n<div class=\"wp-block-cb-slide\">\n<figure class=\"wp-block-image size-full\"><img loading=\"lazy\" decoding=\"async\" width=\"100\" height=\"100\" src=\"https:\/\/juwelier-kuhl.de\/wp-content\/uploads\/2025\/04\/Rolf_Cremer.png\" alt=\"\" class=\"wp-image-225\"\/><\/figure>\n<\/div>\n\n\n\n<div class=\"wp-block-cb-slide\">\n<figure class=\"wp-block-image size-full\"><img loading=\"lazy\" decoding=\"async\" width=\"100\" height=\"100\" src=\"https:\/\/juwelier-kuhl.de\/wp-content\/uploads\/2025\/04\/Police_logo.png\" alt=\"\" class=\"wp-image-224\"\/><\/figure>\n<\/div>\n\n\n\n<div class=\"wp-block-cb-slide\">\n<figure class=\"wp-block-image size-full\"><img loading=\"lazy\" decoding=\"async\" width=\"200\" height=\"100\" src=\"https:\/\/juwelier-kuhl.de\/wp-content\/uploads\/2025\/04\/monomania2.png\" alt=\"\" class=\"wp-image-302\"\/><\/figure>\n<\/div>\n<\/div>\n<\/div>\n\n\n\n<div class=\"wp-block-cb-carousel\" data-slick=\"{&quot;slidesToShow&quot;:6,&quot;slidesToScroll&quot;:1,&quot;speed&quot;:900,&quot;arrows&quot;:false,&quot;dots&quot;:false,&quot;autoplay&quot;:true,&quot;autoplaySpeed&quot;:1000,&quot;infinite&quot;:true,&quot;rtl&quot;:true,&quot;responsive&quot;:[{&quot;breakpoint&quot;:769,&quot;settings&quot;:{&quot;slidesToShow&quot;:3,&quot;slidesToScroll&quot;:1}}]}\" dir=\"rtl\">\n<div class=\"wp-block-cb-slide\">\n<figure class=\"wp-block-image size-full\"><img loading=\"lazy\" decoding=\"async\" width=\"100\" height=\"100\" src=\"https:\/\/juwelier-kuhl.de\/wp-content\/uploads\/2025\/04\/Lollino_logo2.png\" alt=\"\" class=\"wp-image-221\"\/><\/figure>\n<\/div>\n\n\n\n<div class=\"wp-block-cb-slide\">\n<figure class=\"wp-block-image size-full\"><img loading=\"lazy\" decoding=\"async\" width=\"100\" height=\"100\" src=\"https:\/\/juwelier-kuhl.de\/wp-content\/uploads\/2025\/04\/Nord-form.png\" alt=\"\" class=\"wp-image-222\"\/><\/figure>\n<\/div>\n\n\n\n<div class=\"wp-block-cb-slide\">\n<figure class=\"wp-block-image size-full\"><img loading=\"lazy\" decoding=\"async\" width=\"125\" height=\"120\" src=\"https:\/\/juwelier-kuhl.de\/wp-content\/uploads\/2025\/04\/Fieseler_logo2.png\" alt=\"\" class=\"wp-image-220\"\/><\/figure>\n<\/div>\n\n\n\n<div class=\"wp-block-cb-slide\">\n<figure class=\"wp-block-image size-full\"><img loading=\"lazy\" decoding=\"async\" width=\"100\" height=\"100\" src=\"https:\/\/juwelier-kuhl.de\/wp-content\/uploads\/2025\/04\/cem.png\" alt=\"\" class=\"wp-image-219\"\/><\/figure>\n<\/div>\n\n\n\n<div class=\"wp-block-cb-slide\">\n<figure class=\"wp-block-image size-full\"><img loading=\"lazy\" decoding=\"async\" width=\"100\" height=\"100\" src=\"https:\/\/juwelier-kuhl.de\/wp-content\/uploads\/2025\/04\/boccia.png\" alt=\"\" class=\"wp-image-217\"\/><\/figure>\n<\/div>\n\n\n\n<div class=\"wp-block-cb-slide\">\n<figure class=\"wp-block-image size-full\"><img loading=\"lazy\" decoding=\"async\" width=\"100\" height=\"100\" src=\"https:\/\/juwelier-kuhl.de\/wp-content\/uploads\/2025\/04\/casio.png\" alt=\"\" class=\"wp-image-218\"\/><\/figure>\n<\/div>\n\n\n\n<div class=\"wp-block-cb-slide\">\n<figure class=\"wp-block-image size-full\"><img loading=\"lazy\" decoding=\"async\" width=\"100\" height=\"100\" src=\"https:\/\/juwelier-kuhl.de\/wp-content\/uploads\/2025\/04\/AMS_logo.png\" alt=\"\" class=\"wp-image-216\"\/><\/figure>\n<\/div>\n\n\n\n<div class=\"wp-block-cb-slide\">\n<figure class=\"wp-block-image size-full\"><img loading=\"lazy\" decoding=\"async\" width=\"100\" height=\"100\" src=\"https:\/\/juwelier-kuhl.de\/wp-content\/uploads\/2025\/04\/Adora_logo.png\" alt=\"\" class=\"wp-image-215\"\/><\/figure>\n<\/div>\n\n\n\n<div class=\"wp-block-cb-slide\">\n<figure class=\"wp-block-image size-full\"><img loading=\"lazy\" decoding=\"async\" width=\"100\" height=\"100\" src=\"https:\/\/juwelier-kuhl.de\/wp-content\/uploads\/2025\/04\/Oregon_logo.png\" alt=\"\" class=\"wp-image-223\"\/><\/figure>\n<\/div>\n\n\n\n<div class=\"wp-block-cb-slide\">\n<figure class=\"wp-block-image size-full\"><img loading=\"lazy\" decoding=\"async\" width=\"100\" height=\"100\" src=\"https:\/\/juwelier-kuhl.de\/wp-content\/uploads\/2025\/04\/Rauschmayer.png\" alt=\"\" class=\"wp-image-258\"\/><\/figure>\n<\/div>\n<\/div>\n\n\n\n<p><\/p>\n","protected":false},"excerpt":{"rendered":"<p>Bei Juwelier Kuhl finden sie eine gro\u00dfe Auswahl an Uhren, Schmuck und Hochzeitsschmuck. Neben Schmuck bekannter Marken, bieten wir eine Vielzahl an Artikel, welche zumeist in Kleinstserien hergestellt werden.<\/p>\n","protected":false},"author":1,"featured_media":467,"parent":0,"menu_order":0,"comment_status":"closed","ping_status":"closed","template":"","meta":{"footnotes":""},"class_list":["post-78","page","type-page","status-publish","has-post-thumbnail","hentry"],"_links":{"self":[{"href":"https:\/\/www.juwelier-kuhl.de\/index.php\/wp-json\/wp\/v2\/pages\/78","targetHints":{"allow":["GET"]}}],"collection":[{"href":"https:\/\/www.juwelier-kuhl.de\/index.php\/wp-json\/wp\/v2\/pages"}],"about":[{"href":"https:\/\/www.juwelier-kuhl.de\/index.php\/wp-json\/wp\/v2\/types\/page"}],"author":[{"embeddable":true,"href":"https:\/\/www.juwelier-kuhl.de\/index.php\/wp-json\/wp\/v2\/users\/1"}],"replies":[{"embeddable":true,"href":"https:\/\/www.juwelier-kuhl.de\/index.php\/wp-json\/wp\/v2\/comments?post=78"}],"version-history":[{"count":30,"href":"https:\/\/www.juwelier-kuhl.de\/index.php\/wp-json\/wp\/v2\/pages\/78\/revisions"}],"predecessor-version":[{"id":612,"href":"https:\/\/www.juwelier-kuhl.de\/index.php\/wp-json\/wp\/v2\/pages\/78\/revisions\/612"}],"wp:featuredmedia":[{"embeddable":true,"href":"https:\/\/www.juwelier-kuhl.de\/index.php\/wp-json\/wp\/v2\/media\/467"}],"wp:attachment":[{"href":"https:\/\/www.juwelier-kuhl.de\/index.php\/wp-json\/wp\/v2\/media?parent=78"}],"curies":[{"name":"wp","href":"https:\/\/api.w.org\/{rel}","templated":true}]}}