{"id":72,"date":"2025-04-03T13:00:35","date_gmt":"2025-04-03T11:00:35","guid":{"rendered":"https:\/\/juwelier-kuhl.de\/?page_id=72"},"modified":"2025-12-12T13:13:48","modified_gmt":"2025-12-12T12:13:48","slug":"altgoldankauf","status":"publish","type":"page","link":"https:\/\/www.juwelier-kuhl.de\/index.php\/altgoldankauf\/","title":{"rendered":"Altgoldankauf"},"content":{"rendered":"<!-- VideographyWP Plugin Message: Automatic video embedding prevented by plugin options. -->\n\n<p>Ihr Gold ist Bares wert! Wir geben Ihnen Bargeld f\u00fcr ihr Edelmetall zum tagesaktuellen Preis. Sprechen Sie uns gerne an.<\/p>\n\n\n\n<div class=\"wp-block-columns is-layout-flex wp-container-core-columns-is-layout-9d6595d7 wp-block-columns-is-layout-flex\">\n<div class=\"wp-block-column is-layout-flow wp-block-column-is-layout-flow\">\n<h2 class=\"wp-block-heading has-luminous-vivid-amber-color has-text-color has-link-color wp-elements-c6d04ec3c716ecc67cb2580c3b5570bc\">aktueller Goldpreis<\/h2>\n\n\n\n<a href=\"\/\/www.goldpreis.de\" target=\"_blank\" rel=\"nofollow\"><img decoding=\"async\" src=\"\/\/www.goldpreis.de\/charts\/goldpreis-euro-monat-gramm.jpg\" alt=\"Goldpreis.de - Aktuelle Preise und Kurse\"\/><\/a>\n<\/div>\n\n\n\n<div class=\"wp-block-column is-layout-flow wp-block-column-is-layout-flow\">\n<h2 class=\"wp-block-heading has-cyan-bluish-gray-color has-text-color has-link-color wp-elements-ff26194fdaaf0ea182c864ae832444ed\">aktueller Silberpreis<\/h2>\n\n\n\n<a href=\"\/\/www.goldpreis.de\" target=\"_blank\" rel=\"nofollow\"><img decoding=\"async\" src=\"\/\/www.goldpreis.de\/charts\/silberpreis-euro-monat-gramm.jpg\" alt=\"Goldpreis.de - Aktuelle Preise und Kurse\"\/><\/a>\n<\/div>\n<\/div>\n\n\n\n<h2 class=\"wp-block-heading\">Wie kann ich verkaufen?<\/h2>\n\n\n\n<details class=\"wp-block-details is-layout-flow wp-block-details-is-layout-flow\"><summary>Kann ich jederzeit vorbeikommen?<\/summary>\n<p>Bei einer Anzahl von ca. 5 Schmuckst\u00fccken k\u00f6nnen Sie ohne Termin jederzeit Ihr Altmetall berechnen lassen und anbieten. Bei einer gr\u00f6\u00dferen Menge ben\u00f6tigen wir etwas Zeit zum pr\u00fcfen, daher ist eine Terminvereinbarung hier sinnvoll. <\/p>\n<\/details>\n\n\n\n<details class=\"wp-block-details is-layout-flow wp-block-details-is-layout-flow\"><summary>Kostet das Bewerten des Edelmetalls etwas?<\/summary>\n<p>Wenn Sie sich f\u00fcr einen Verkauf entscheiden, oder nur 1 bis 2 Teile pr\u00fcfen lassen wollen ist die Bewertung kostenlos. Wenn Sie nur den Wert erfahren m\u00f6chten, nehmen wir f\u00fcr die Bewertung pro Wertgegenst\u00e4nden eine Aufwandsentsch\u00e4digung von 3 \u20ac.<\/p>\n\n\n\n<p>F\u00fcr eine Schriftliche Aufstellung der Wertgegenst\u00e4nde (Diese Sch\u00e4tzung dient lediglich zur Orientierung \u00fcber den Wert des Schmucks und stellt keine Expertise eines zertifizierten Gutachters dar), nehmen wir 10 \u20ac pro Schmuckst\u00fcck in Gold (bei Silberschmuck wird das Gesamtgewicht bewertet).<\/p>\n\n\n\n<p><\/p>\n<\/details>\n\n\n\n<details class=\"wp-block-details is-layout-flow wp-block-details-is-layout-flow\"><summary>Was wird alles angekauft?<\/summary>\n<p>Wir kaufen Ihr Gold, Silber, Platin oder Palladium in jeder Form. Auch Gold und Silber-M\u00fcnzen (au\u00dfer vergoldete Sammlerm\u00fcnzen) kaufen wir an. Wir Zahlen den Materialwert des Metalls, die Steine k\u00f6nnen nicht mit ver\u00e4u\u00dfert werden.  <\/p>\n<\/details>\n\n\n\n<details class=\"wp-block-details is-layout-flow wp-block-details-is-layout-flow\"><summary>Was ben\u00f6tige ich zum Verkaufen?<\/summary>\n<p>Es ist erforderlich ein Ausweisdokument mitzubringen, um den Verkauf zu Dokumentieren. Jede Seite erh\u00e4lt ein Exemplar einer genauen Aufschl\u00fcsselung der Gegenst\u00e4nde mit Gewicht und Legierung.<\/p>\n<\/details>\n\n\n\n<div class=\"wp-block-columns is-layout-flex wp-container-core-columns-is-layout-9d6595d7 wp-block-columns-is-layout-flex\">\n<div class=\"wp-block-column is-layout-flow wp-block-column-is-layout-flow\"><style id=\"wpforms-css-vars-110\">\n\t\t\t\t#wpforms-110 {\n\t\t\t\t--wpforms-container-padding: 0px;\n--wpforms-container-border-width: 1px;\n--wpforms-container-border-radius: 3px;\n--wpforms-background-color: rgba(0, 0, 0, 0);\n--wpforms-field-size-input-height: 43px;\n--wpforms-field-size-input-spacing: 15px;\n--wpforms-field-size-font-size: 16px;\n--wpforms-field-size-line-height: 19px;\n--wpforms-field-size-padding-h: 14px;\n--wpforms-field-size-checkbox-size: 16px;\n--wpforms-field-size-sublabel-spacing: 5px;\n--wpforms-field-size-icon-size: 1;\n--wpforms-label-size-font-size: 16px;\n--wpforms-label-size-line-height: 19px;\n--wpforms-label-size-sublabel-font-size: 14px;\n--wpforms-label-size-sublabel-line-height: 17px;\n--wpforms-button-size-font-size: 17px;\n--wpforms-button-size-height: 41px;\n--wpforms-button-size-padding-h: 15px;\n--wpforms-button-size-margin-top: 10px;\n--wpforms-container-shadow-size-box-shadow: none;\n\t\t\t}\n\t\t\t<\/style><div class=\"wpforms-container wpforms-container-full wpforms-render-modern\" id=\"wpforms-110\"><form id=\"wpforms-form-110\" class=\"wpforms-validate wpforms-form wpforms-ajax-form\" data-formid=\"110\" method=\"post\" enctype=\"multipart\/form-data\" action=\"\/index.php\/wp-json\/wp\/v2\/pages\/72\" data-token=\"b1db5467483e6aa7bedab2b56fafe8e4\" data-token-time=\"1778674778\"><noscript class=\"wpforms-error-noscript\">Bitte aktivieren Sie JavaScript in Ihrem Browser, um dieses Formular fertigzustellen.<\/noscript><div id=\"wpforms-error-noscript\" style=\"display: none;\">Bitte aktivieren Sie JavaScript in Ihrem Browser, um dieses Formular fertigzustellen.<\/div><div class=\"wpforms-field-container\">\t\t<div id=\"wpforms-110-field_5-container\"\n\t\t\tclass=\"wpforms-field wpforms-field-text\"\n\t\t\tdata-field-type=\"text\"\n\t\t\tdata-field-id=\"5\"\n\t\t\t>\n\t\t\t<label class=\"wpforms-field-label\" for=\"wpforms-110-field_5\" >oder Name DSGVO-Einverst\u00e4ndnis<\/label>\n\t\t\t<input type=\"text\" id=\"wpforms-110-field_5\" class=\"wpforms-field-medium\" name=\"wpforms[fields][5]\" >\n\t\t<\/div>\n\t\t<div id=\"wpforms-110-field_1-container\" class=\"wpforms-field wpforms-field-name\" data-field-id=\"1\"><fieldset><legend class=\"wpforms-field-label\">Name <span class=\"wpforms-required-label\" aria-hidden=\"true\">*<\/span><\/legend><div class=\"wpforms-field-row wpforms-field-medium\"><div class=\"wpforms-field-row-block wpforms-first wpforms-one-half\"><input type=\"text\" id=\"wpforms-110-field_1\" class=\"wpforms-field-name-first wpforms-field-required\" name=\"wpforms[fields][1][first]\" aria-errormessage=\"wpforms-110-field_1-error\" required><label for=\"wpforms-110-field_1\" class=\"wpforms-field-sublabel after\">Vorname<\/label><\/div><div class=\"wpforms-field-row-block wpforms-one-half\"><input type=\"text\" id=\"wpforms-110-field_1-last\" class=\"wpforms-field-name-last wpforms-field-required\" name=\"wpforms[fields][1][last]\" aria-errormessage=\"wpforms-110-field_1-last-error\" required><label for=\"wpforms-110-field_1-last\" class=\"wpforms-field-sublabel after\">Nachname<\/label><\/div><\/div><\/fieldset><\/div><div id=\"wpforms-110-field_2-container\" class=\"wpforms-field wpforms-field-email\" data-field-id=\"2\"><label class=\"wpforms-field-label\" for=\"wpforms-110-field_2\">E-Mail <span class=\"wpforms-required-label\" aria-hidden=\"true\">*<\/span><\/label><input type=\"email\" id=\"wpforms-110-field_2\" class=\"wpforms-field-medium wpforms-field-required\" name=\"wpforms[fields][2]\" spellcheck=\"false\" aria-errormessage=\"wpforms-110-field_2-error\" required><\/div><div id=\"wpforms-110-field_3-container\" class=\"wpforms-field wpforms-field-textarea\" data-field-id=\"3\"><label class=\"wpforms-field-label\" for=\"wpforms-110-field_3\">Kommentar oder Nachricht<\/label><textarea id=\"wpforms-110-field_3\" class=\"wpforms-field-medium\" name=\"wpforms[fields][3]\" aria-errormessage=\"wpforms-110-field_3-error\" ><\/textarea><\/div><div id=\"wpforms-110-field_4-container\" class=\"wpforms-field wpforms-field-gdpr-checkbox\" data-field-id=\"4\"><label class=\"wpforms-field-label\">DSGVO-Einverst\u00e4ndnis <span class=\"wpforms-required-label\" aria-hidden=\"true\">*<\/span><\/label><ul id=\"wpforms-110-field_4\" class=\"wpforms-field-required\"><li class=\"choice-1\"><input type=\"checkbox\" id=\"wpforms-110-field_4_1\" name=\"wpforms[fields][4][]\" value=\"Ich willige ein, dass diese Website meine \u00fcbermittelten Informationen speichert, sodass meine Anfrage beantwortet werden kann.\" aria-errormessage=\"wpforms-110-field_4_1-error\" required ><label class=\"wpforms-field-label-inline\" for=\"wpforms-110-field_4_1\">Ich willige ein, dass diese Website meine \u00fcbermittelten Informationen speichert, sodass meine Anfrage beantwortet werden kann.<\/label><\/li><\/ul><\/div><script>\n\t\t\t\t( function() {\n\t\t\t\t\tconst style = document.createElement( 'style' );\n\t\t\t\t\tstyle.appendChild( document.createTextNode( '#wpforms-110-field_5-container { position: absolute !important; overflow: hidden !important; display: inline !important; height: 1px !important; width: 1px !important; z-index: -1000 !important; padding: 0 !important; } #wpforms-110-field_5-container input { visibility: hidden; } #wpforms-conversational-form-page #wpforms-110-field_5-container label { counter-increment: none; }' ) );\n\t\t\t\t\tdocument.head.appendChild( style );\n\t\t\t\t\tdocument.currentScript?.remove();\n\t\t\t\t} )();\n\t\t\t<\/script><\/div><!-- .wpforms-field-container --><div class=\"wpforms-recaptcha-container wpforms-is-hcaptcha\" ><div class=\"h-captcha\" data-sitekey=\"f6ac31d6-a91a-44c4-9904-ec6013066962\"><\/div><input type=\"text\" name=\"g-recaptcha-hidden\" class=\"wpforms-recaptcha-hidden\" style=\"position:absolute!important;clip:rect(0,0,0,0)!important;height:1px!important;width:1px!important;border:0!important;overflow:hidden!important;padding:0!important;margin:0!important;\" data-rule-hcaptcha=\"1\"><\/div><div class=\"wpforms-submit-container\" ><input type=\"hidden\" name=\"wpforms[id]\" value=\"110\"><input type=\"hidden\" name=\"page_title\" value=\"\"><input type=\"hidden\" name=\"page_url\" value=\"https:\/\/www.juwelier-kuhl.de\/index.php\/wp-json\/wp\/v2\/pages\/72\"><input type=\"hidden\" name=\"url_referer\" value=\"\"><button type=\"submit\" name=\"wpforms[submit]\" id=\"wpforms-submit-110\" class=\"wpforms-submit\" data-alt-text=\"Senden\u2026\" data-submit-text=\"Absenden\" aria-live=\"assertive\" value=\"wpforms-submit\">Absenden<\/button><img loading=\"lazy\" decoding=\"async\" src=\"https:\/\/www.juwelier-kuhl.de\/wp-content\/plugins\/wpforms-lite\/assets\/images\/submit-spin.svg\" class=\"wpforms-submit-spinner\" style=\"display: none;\" width=\"26\" height=\"26\" alt=\"Wird geladen\"><\/div><\/form><\/div>  <!-- .wpforms-container -->\n<\/div>\n\n\n\n<div class=\"wp-block-column is-layout-flow wp-block-column-is-layout-flow\">\n<h2 class=\"wp-block-heading\">Terminanfragen<\/h2>\n\n\n\n<p class=\"has-medium-font-size\">Wenn&nbsp;Sie&nbsp;eine gr\u00f6\u00dfere Menge Altgold- bzw. Altsilber haben, das Sie verkaufen m\u00f6chten, dann rufen Sie uns bitte f\u00fcr eine Terminanfrage an. Oder schreiben Sie uns \u00fcber dieses Kontaktformular eine Anfrage. <\/p>\n<\/div>\n<\/div>\n","protected":false},"excerpt":{"rendered":"<p>Ihr Gold ist Bares Wert! Wir geben Ihnen Bargeld f\u00fcr ihr Edelmetall zum tagesaktuellen Preis. Sprechen Sie uns gerne an.<\/p>\n","protected":false},"author":1,"featured_media":453,"parent":0,"menu_order":0,"comment_status":"closed","ping_status":"closed","template":"","meta":{"footnotes":""},"class_list":["post-72","page","type-page","status-publish","has-post-thumbnail","hentry"],"_links":{"self":[{"href":"https:\/\/www.juwelier-kuhl.de\/index.php\/wp-json\/wp\/v2\/pages\/72","targetHints":{"allow":["GET"]}}],"collection":[{"href":"https:\/\/www.juwelier-kuhl.de\/index.php\/wp-json\/wp\/v2\/pages"}],"about":[{"href":"https:\/\/www.juwelier-kuhl.de\/index.php\/wp-json\/wp\/v2\/types\/page"}],"author":[{"embeddable":true,"href":"https:\/\/www.juwelier-kuhl.de\/index.php\/wp-json\/wp\/v2\/users\/1"}],"replies":[{"embeddable":true,"href":"https:\/\/www.juwelier-kuhl.de\/index.php\/wp-json\/wp\/v2\/comments?post=72"}],"version-history":[{"count":20,"href":"https:\/\/www.juwelier-kuhl.de\/index.php\/wp-json\/wp\/v2\/pages\/72\/revisions"}],"predecessor-version":[{"id":604,"href":"https:\/\/www.juwelier-kuhl.de\/index.php\/wp-json\/wp\/v2\/pages\/72\/revisions\/604"}],"wp:featuredmedia":[{"embeddable":true,"href":"https:\/\/www.juwelier-kuhl.de\/index.php\/wp-json\/wp\/v2\/media\/453"}],"wp:attachment":[{"href":"https:\/\/www.juwelier-kuhl.de\/index.php\/wp-json\/wp\/v2\/media?parent=72"}],"curies":[{"name":"wp","href":"https:\/\/api.w.org\/{rel}","templated":true}]}}